{"id":9720,"date":"2024-03-27T08:01:06","date_gmt":"2024-03-27T08:01:06","guid":{"rendered":"https:\/\/eleabeach.com\/wellness\/"},"modified":"2026-02-18T10:34:43","modified_gmt":"2026-02-18T10:34:43","slug":"wellness","status":"publish","type":"page","link":"https:\/\/www.eleabeach.com\/de\/wellness\/","title":{"rendered":"Wellness"},"content":{"rendered":"\t\t<div data-elementor-type=\"wp-page\" data-elementor-id=\"9720\" class=\"elementor elementor-9720 elementor-5507\" data-elementor-post-type=\"page\">\n\t\t\t\t<div class=\"elementor-element elementor-element-35033da e-con-full e-flex e-con e-parent\" data-id=\"35033da\" data-element_type=\"container\" data-e-type=\"container\" data-settings=\"{&quot;background_background&quot;:&quot;classic&quot;}\">\n\t\t<div class=\"elementor-element elementor-element-31589d4 e-flex e-con-boxed e-con e-child\" data-id=\"31589d4\" data-element_type=\"container\" data-e-type=\"container\">\n\t\t\t\t\t<div class=\"e-con-inner\">\n\t\t\t\t<div class=\"elementor-element elementor-element-874c9b0 elementor-widget elementor-widget-heading\" data-id=\"874c9b0\" data-element_type=\"widget\" data-e-type=\"widget\" data-widget_type=\"heading.default\">\n\t\t\t\t<div class=\"elementor-widget-container\">\n\t\t\t\t\t<h1 class=\"elementor-heading-title elementor-size-default\">Wellness<\/h1>\t\t\t\t<\/div>\n\t\t\t\t<\/div>\n\t\t\t\t\t<\/div>\n\t\t\t\t<\/div>\n\t\t<div class=\"elementor-element elementor-element-26384d2 e-flex e-con-boxed e-con e-child\" data-id=\"26384d2\" data-element_type=\"container\" data-e-type=\"container\">\n\t\t\t\t\t<div class=\"e-con-inner\">\n\t\t\t\t<div class=\"elementor-element elementor-element-48ec03d elementor-view-default elementor-widget elementor-widget-icon\" data-id=\"48ec03d\" data-element_type=\"widget\" data-e-type=\"widget\" id=\"seewellness\" data-widget_type=\"icon.default\">\n\t\t\t\t<div class=\"elementor-widget-container\">\n\t\t\t\t\t\t\t<div class=\"elementor-icon-wrapper\">\n\t\t\t<a class=\"elementor-icon\" href=\"#seewellness\">\n\t\t\t<i aria-hidden=\"true\" class=\"fas fa-chevron-down\"><\/i>\t\t\t<\/a>\n\t\t<\/div>\n\t\t\t\t\t\t<\/div>\n\t\t\t\t<\/div>\n\t\t\t\t\t<\/div>\n\t\t\t\t<\/div>\n\t\t\t\t<\/div>\n\t\t<div class=\"elementor-element elementor-element-5252cfe e-flex e-con-boxed e-con e-parent\" data-id=\"5252cfe\" data-element_type=\"container\" data-e-type=\"container\">\n\t\t\t\t\t<div class=\"e-con-inner\">\n\t\t\t\t<div class=\"elementor-element elementor-element-f06feea elementor-widget elementor-widget-text-editor\" data-id=\"f06feea\" data-element_type=\"widget\" data-e-type=\"widget\" data-widget_type=\"text-editor.default\">\n\t\t\t\t<div class=\"elementor-widget-container\">\n\t\t\t\t\t\t\t\t\t<p>Lassen Sie sich im Elea Beach Hotel in eine Welt des Wohlbefindens entf\u00fchren, in der Verj\u00fcngung und Entspannung auf Schritt und Tritt zu finden sind. Unsere Wellness-Angebote sind darauf ausgerichtet, Geist, K\u00f6rper und Seele zu n\u00e4hren und den G\u00e4sten eine ganzheitliche Erfahrung von Ruhe und Vitalit\u00e4t zu bieten. Unser voll ausgestattetes Fitnessstudio bietet modernste Einrichtungen, damit Sie w\u00e4hrend Ihres Aufenthalts aktiv bleiben und Ihre Fitnessroutine aufrechterhalten k\u00f6nnen.<\/p>\t\t\t\t\t\t\t\t<\/div>\n\t\t\t\t<\/div>\n\t\t\t\t\t<\/div>\n\t\t\t\t<\/div>\n\t\t<div class=\"elementor-element elementor-element-b384863 e-con-full e-flex e-con e-parent\" data-id=\"b384863\" data-element_type=\"container\" data-e-type=\"container\">\n\t\t<div class=\"elementor-element elementor-element-2423746 e-con-full animated-slow e-flex e-con e-child\" data-id=\"2423746\" data-element_type=\"container\" data-e-type=\"container\" data-settings=\"{&quot;animation&quot;:&quot;none&quot;,&quot;animation_mobile&quot;:&quot;none&quot;,&quot;sticky_on&quot;:[&quot;desktop&quot;,&quot;tablet&quot;],&quot;sticky_parent&quot;:&quot;yes&quot;,&quot;sticky&quot;:&quot;top&quot;,&quot;sticky_offset&quot;:150,&quot;sticky_effects_offset&quot;:0,&quot;sticky_anchor_link_offset&quot;:0}\">\n\t\t\t\t<div class=\"elementor-element elementor-element-9405d32 elementor-widget elementor-widget-heading\" data-id=\"9405d32\" data-element_type=\"widget\" data-e-type=\"widget\" data-widget_type=\"heading.default\">\n\t\t\t\t<div class=\"elementor-widget-container\">\n\t\t\t\t\t<h2 class=\"elementor-heading-title elementor-size-default\">Spa-Einrichtungen<\/h2>\t\t\t\t<\/div>\n\t\t\t\t<\/div>\n\t\t\t\t<div class=\"elementor-element elementor-element-b0af160 elementor-widget elementor-widget-text-editor\" data-id=\"b0af160\" data-element_type=\"widget\" data-e-type=\"widget\" data-widget_type=\"text-editor.default\">\n\t\t\t\t<div class=\"elementor-widget-container\">\n\t\t\t\t\t\t\t\t\t<p>Erleben Sie Ruhe und Gelassenheit in unseren ruhigen Spa-Einrichtungen im Elea Beach Hotel.<\/p><p>Spa-Einrichtungen Unsere geschulten Therapeuten bieten eine Reihe von Spa-Behandlungen an, von wohltuenden Massagen bis hin zu belebenden Gesichtsbehandlungen, wobei nur die besten nat\u00fcrlichen Inhaltsstoffe verwendet werden, um Ihr Wohlbefinden zu steigern.<\/p><p>Entspannen Sie sich und g\u00f6nnen Sie sich einen Moment purer Gl\u00fcckseligkeit, w\u00e4hrend Sie dem Alltagsstress entfliehen und sich auf eine Reise der Selbstf\u00fcrsorge und Erneuerung begeben.<\/p>\t\t\t\t\t\t\t\t<\/div>\n\t\t\t\t<\/div>\n\t\t\t\t<\/div>\n\t\t<div class=\"elementor-element elementor-element-3584d5b e-con-full animated-slow e-flex elementor-invisible e-con e-child\" data-id=\"3584d5b\" data-element_type=\"container\" data-e-type=\"container\" data-settings=\"{&quot;animation&quot;:&quot;slideInLeft&quot;}\">\n\t\t\t\t<div class=\"elementor-element elementor-element-2467f14 elementor-widget-mobile__width-initial elementor-widget elementor-widget-image\" data-id=\"2467f14\" data-element_type=\"widget\" data-e-type=\"widget\" data-widget_type=\"image.default\">\n\t\t\t\t<div class=\"elementor-widget-container\">\n\t\t\t\t\t\t\t\t\t\t\t\t\t\t\t\t<a href=\"https:\/\/eleabeach.com\/wp-content\/uploads\/spa-massage-room.jpg\" data-elementor-open-lightbox=\"yes\" data-elementor-lightbox-title=\"spa-massage-room\" data-elementor-lightbox-description=\"spa massage room\" data-e-action-hash=\"#elementor-action%3Aaction%3Dlightbox%26settings%3DeyJpZCI6MTA5MzIsInVybCI6Imh0dHBzOlwvXC93d3cuZWxlYWJlYWNoLmNvbVwvd3AtY29udGVudFwvdXBsb2Fkc1wvc3BhLW1hc3NhZ2Utcm9vbS5qcGcifQ%3D%3D\" target=\"_blank\" rel=\"noopener\">\n\t\t\t\t\t\t\t<img fetchpriority=\"high\" decoding=\"async\" width=\"960\" height=\"945\" src=\"https:\/\/www.eleabeach.com\/wp-content\/uploads\/spa-massage-room.jpg\" class=\"attachment-full size-full wp-image-10932\" alt=\"spa massage room\" srcset=\"https:\/\/www.eleabeach.com\/wp-content\/uploads\/spa-massage-room.jpg 960w, https:\/\/www.eleabeach.com\/wp-content\/uploads\/spa-massage-room-300x295.jpg 300w, https:\/\/www.eleabeach.com\/wp-content\/uploads\/spa-massage-room-768x756.jpg 768w\" sizes=\"(max-width: 960px) 100vw, 960px\" \/>\t\t\t\t\t\t\t\t<\/a>\n\t\t\t\t\t\t\t\t\t\t\t\t\t\t\t<\/div>\n\t\t\t\t<\/div>\n\t\t\t\t<div class=\"elementor-element elementor-element-3051712 elementor-widget-mobile__width-initial elementor-widget elementor-widget-image\" data-id=\"3051712\" data-element_type=\"widget\" data-e-type=\"widget\" data-widget_type=\"image.default\">\n\t\t\t\t<div class=\"elementor-widget-container\">\n\t\t\t\t\t\t\t\t\t\t\t\t\t\t\t\t<a href=\"https:\/\/eleabeach.com\/wp-content\/uploads\/spa-massage-room-inside.jpg\" data-elementor-open-lightbox=\"yes\" data-elementor-lightbox-title=\"spa-massage-room-inside\" data-elementor-lightbox-description=\"spa massage room inside\" data-e-action-hash=\"#elementor-action%3Aaction%3Dlightbox%26settings%3DeyJpZCI6MTA5MzYsInVybCI6Imh0dHBzOlwvXC93d3cuZWxlYWJlYWNoLmNvbVwvd3AtY29udGVudFwvdXBsb2Fkc1wvc3BhLW1hc3NhZ2Utcm9vbS1pbnNpZGUuanBnIn0%3D\" target=\"_blank\" rel=\"noopener\">\n\t\t\t\t\t\t\t<img decoding=\"async\" width=\"960\" height=\"945\" src=\"https:\/\/www.eleabeach.com\/wp-content\/uploads\/spa-massage-room-inside.jpg\" class=\"attachment-full size-full wp-image-10936\" alt=\"spa massage room inside\" srcset=\"https:\/\/www.eleabeach.com\/wp-content\/uploads\/spa-massage-room-inside.jpg 960w, https:\/\/www.eleabeach.com\/wp-content\/uploads\/spa-massage-room-inside-300x295.jpg 300w, https:\/\/www.eleabeach.com\/wp-content\/uploads\/spa-massage-room-inside-768x756.jpg 768w\" sizes=\"(max-width: 960px) 100vw, 960px\" \/>\t\t\t\t\t\t\t\t<\/a>\n\t\t\t\t\t\t\t\t\t\t\t\t\t\t\t<\/div>\n\t\t\t\t<\/div>\n\t\t\t\t<\/div>\n\t\t\t\t<\/div>\n\t\t<div class=\"elementor-element elementor-element-488bc94 e-con-full e-flex e-con e-parent\" data-id=\"488bc94\" data-element_type=\"container\" data-e-type=\"container\">\n\t\t<div class=\"elementor-element elementor-element-d66dc28 e-con-full animated-slow e-flex elementor-invisible e-con e-child\" data-id=\"d66dc28\" data-element_type=\"container\" data-e-type=\"container\" data-settings=\"{&quot;animation&quot;:&quot;slideInRight&quot;}\">\n\t\t\t\t<div class=\"elementor-element elementor-element-9f150d3 elementor-widget-mobile__width-initial elementor-widget elementor-widget-image\" data-id=\"9f150d3\" data-element_type=\"widget\" data-e-type=\"widget\" data-widget_type=\"image.default\">\n\t\t\t\t<div class=\"elementor-widget-container\">\n\t\t\t\t\t\t\t\t\t\t\t\t\t\t\t\t<a href=\"https:\/\/eleabeach.com\/wp-content\/uploads\/gym-photos.jpg\" data-elementor-open-lightbox=\"yes\" data-elementor-lightbox-title=\"gym photos\" data-elementor-lightbox-description=\"gym photos\" data-e-action-hash=\"#elementor-action%3Aaction%3Dlightbox%26settings%3DeyJpZCI6MTEwNzAsInVybCI6Imh0dHBzOlwvXC93d3cuZWxlYWJlYWNoLmNvbVwvd3AtY29udGVudFwvdXBsb2Fkc1wvZ3ltLXBob3Rvcy5qcGcifQ%3D%3D\" target=\"_blank\" rel=\"noopener\">\n\t\t\t\t\t\t\t<img decoding=\"async\" width=\"960\" height=\"946\" src=\"https:\/\/www.eleabeach.com\/wp-content\/uploads\/gym-photos.jpg\" class=\"attachment-full size-full wp-image-11070\" alt=\"gym photos\" srcset=\"https:\/\/www.eleabeach.com\/wp-content\/uploads\/gym-photos.jpg 960w, https:\/\/www.eleabeach.com\/wp-content\/uploads\/gym-photos-300x296.jpg 300w, https:\/\/www.eleabeach.com\/wp-content\/uploads\/gym-photos-768x757.jpg 768w\" sizes=\"(max-width: 960px) 100vw, 960px\" \/>\t\t\t\t\t\t\t\t<\/a>\n\t\t\t\t\t\t\t\t\t\t\t\t\t\t\t<\/div>\n\t\t\t\t<\/div>\n\t\t\t\t<div class=\"elementor-element elementor-element-fd46746 elementor-widget-mobile__width-initial elementor-widget elementor-widget-image\" data-id=\"fd46746\" data-element_type=\"widget\" data-e-type=\"widget\" data-widget_type=\"image.default\">\n\t\t\t\t<div class=\"elementor-widget-container\">\n\t\t\t\t\t\t\t\t\t\t\t\t\t\t\t\t<a href=\"https:\/\/eleabeach.com\/wp-content\/uploads\/gym-photos1.jpg\" data-elementor-open-lightbox=\"yes\" data-elementor-lightbox-title=\"gym photos1\" data-elementor-lightbox-description=\"gym photos1\" data-e-action-hash=\"#elementor-action%3Aaction%3Dlightbox%26settings%3DeyJpZCI6MTEwNzQsInVybCI6Imh0dHBzOlwvXC93d3cuZWxlYWJlYWNoLmNvbVwvd3AtY29udGVudFwvdXBsb2Fkc1wvZ3ltLXBob3RvczEuanBnIn0%3D\" target=\"_blank\" rel=\"noopener\">\n\t\t\t\t\t\t\t<img loading=\"lazy\" decoding=\"async\" width=\"960\" height=\"946\" src=\"https:\/\/www.eleabeach.com\/wp-content\/uploads\/gym-photos1.jpg\" class=\"attachment-full size-full wp-image-11074\" alt=\"gym photos1\" srcset=\"https:\/\/www.eleabeach.com\/wp-content\/uploads\/gym-photos1.jpg 960w, https:\/\/www.eleabeach.com\/wp-content\/uploads\/gym-photos1-300x296.jpg 300w, https:\/\/www.eleabeach.com\/wp-content\/uploads\/gym-photos1-768x757.jpg 768w\" sizes=\"(max-width: 960px) 100vw, 960px\" \/>\t\t\t\t\t\t\t\t<\/a>\n\t\t\t\t\t\t\t\t\t\t\t\t\t\t\t<\/div>\n\t\t\t\t<\/div>\n\t\t\t\t<div class=\"elementor-element elementor-element-e738e3e elementor-widget-mobile__width-initial elementor-widget elementor-widget-image\" data-id=\"e738e3e\" data-element_type=\"widget\" data-e-type=\"widget\" data-widget_type=\"image.default\">\n\t\t\t\t<div class=\"elementor-widget-container\">\n\t\t\t\t\t\t\t\t\t\t\t\t\t\t\t\t<a href=\"https:\/\/eleabeach.com\/wp-content\/uploads\/gym-photos2.jpg\" data-elementor-open-lightbox=\"yes\" data-elementor-lightbox-title=\"gym photos2\" data-elementor-lightbox-description=\"gym photos2\" data-e-action-hash=\"#elementor-action%3Aaction%3Dlightbox%26settings%3DeyJpZCI6MTEwNzgsInVybCI6Imh0dHBzOlwvXC93d3cuZWxlYWJlYWNoLmNvbVwvd3AtY29udGVudFwvdXBsb2Fkc1wvZ3ltLXBob3RvczIuanBnIn0%3D\" target=\"_blank\" rel=\"noopener\">\n\t\t\t\t\t\t\t<img loading=\"lazy\" decoding=\"async\" width=\"960\" height=\"945\" src=\"https:\/\/www.eleabeach.com\/wp-content\/uploads\/gym-photos2.jpg\" class=\"attachment-full size-full wp-image-11078\" alt=\"gym photos2\" srcset=\"https:\/\/www.eleabeach.com\/wp-content\/uploads\/gym-photos2.jpg 960w, https:\/\/www.eleabeach.com\/wp-content\/uploads\/gym-photos2-300x295.jpg 300w, https:\/\/www.eleabeach.com\/wp-content\/uploads\/gym-photos2-768x756.jpg 768w\" sizes=\"(max-width: 960px) 100vw, 960px\" \/>\t\t\t\t\t\t\t\t<\/a>\n\t\t\t\t\t\t\t\t\t\t\t\t\t\t\t<\/div>\n\t\t\t\t<\/div>\n\t\t\t\t<\/div>\n\t\t<div class=\"elementor-element elementor-element-d5d6b18 e-con-full animated-slow e-flex e-con e-child\" data-id=\"d5d6b18\" data-element_type=\"container\" data-e-type=\"container\" data-settings=\"{&quot;animation&quot;:&quot;none&quot;,&quot;animation_mobile&quot;:&quot;none&quot;,&quot;sticky&quot;:&quot;top&quot;,&quot;sticky_on&quot;:[&quot;desktop&quot;,&quot;tablet&quot;],&quot;sticky_offset&quot;:150,&quot;sticky_parent&quot;:&quot;yes&quot;,&quot;sticky_effects_offset&quot;:0,&quot;sticky_anchor_link_offset&quot;:0}\">\n\t\t\t\t<div class=\"elementor-element elementor-element-4edee08 elementor-widget elementor-widget-heading\" data-id=\"4edee08\" data-element_type=\"widget\" data-e-type=\"widget\" data-widget_type=\"heading.default\">\n\t\t\t\t<div class=\"elementor-widget-container\">\n\t\t\t\t\t<h2 class=\"elementor-heading-title elementor-size-default\">Fitnessraum<\/h2>\t\t\t\t<\/div>\n\t\t\t\t<\/div>\n\t\t\t\t<div class=\"elementor-element elementor-element-42b62fb elementor-widget elementor-widget-text-editor\" data-id=\"42b62fb\" data-element_type=\"widget\" data-e-type=\"widget\" data-widget_type=\"text-editor.default\">\n\t\t\t\t<div class=\"elementor-widget-container\">\n\t\t\t\t\t\t\t\t\t<p>Unser Fitnessstudio ist mit allen notwendigen Einrichtungen ausgestattet, darunter Spinde und zwei Umkleider\u00e4ume, und bietet den perfekten Raum f\u00fcr Ihr Training.<\/p><p>Au\u00dferdem freuen wir uns, Ihnen mitteilen zu k\u00f6nnen, dass der Fitnessraum f\u00fcr die Saison 2024 komplett renoviert wird, um unseren G\u00e4sten ein noch angenehmeres und belebenderes Erlebnis zu bieten.<\/p><p>Machen Sie sich bereit, Ihre Fitness zu verbessern und einen ges\u00fcnderen Lebensstil im Elea Beach anzunehmen.<\/p>\t\t\t\t\t\t\t\t<\/div>\n\t\t\t\t<\/div>\n\t\t\t\t<\/div>\n\t\t\t\t<\/div>\n\t\t\t\t<\/div>\n\t\t","protected":false},"excerpt":{"rendered":"<p>Lassen Sie sich im Elea Beach Hotel in eine Welt des Wohlbefindens entf\u00fchren, in der Verj\u00fcngung und Entspannung auf Schritt [&hellip;]<\/p>\n","protected":false},"author":1,"featured_media":0,"parent":0,"menu_order":0,"comment_status":"closed","ping_status":"closed","template":"","meta":{"site-sidebar-layout":"no-sidebar","site-content-layout":"","ast-site-content-layout":"full-width-container","site-content-style":"default","site-sidebar-style":"default","ast-global-header-display":"","ast-banner-title-visibility":"","ast-main-header-display":"","ast-hfb-above-header-display":"","ast-hfb-below-header-display":"","ast-hfb-mobile-header-display":"","site-post-title":"disabled","ast-breadcrumbs-content":"","ast-featured-img":"disabled","footer-sml-layout":"","ast-disable-related-posts":"","theme-transparent-header-meta":"","adv-header-id-meta":"","stick-header-meta":"","header-above-stick-meta":"","header-main-stick-meta":"","header-below-stick-meta":"","astra-migrate-meta-layouts":"default","ast-page-background-enabled":"default","ast-page-background-meta":{"desktop":{"background-color":"var(--ast-global-color-4)","background-image":"","background-repeat":"repeat","background-position":"center center","background-size":"auto","background-attachment":"scroll","background-type":"","background-media":"","overlay-type":"","overlay-color":"","overlay-opacity":"","overlay-gradient":""},"tablet":{"background-color":"","background-image":"","background-repeat":"repeat","background-position":"center center","background-size":"auto","background-attachment":"scroll","background-type":"","background-media":"","overlay-type":"","overlay-color":"","overlay-opacity":"","overlay-gradient":""},"mobile":{"background-color":"","background-image":"","background-repeat":"repeat","background-position":"center center","background-size":"auto","background-attachment":"scroll","background-type":"","background-media":"","overlay-type":"","overlay-color":"","overlay-opacity":"","overlay-gradient":""}},"ast-content-background-meta":{"desktop":{"background-color":"var(--ast-global-color-5)","background-image":"","background-repeat":"repeat","background-position":"center center","background-size":"auto","background-attachment":"scroll","background-type":"","background-media":"","overlay-type":"","overlay-color":"","overlay-opacity":"","overlay-gradient":""},"tablet":{"background-color":"var(--ast-global-color-5)","background-image":"","background-repeat":"repeat","background-position":"center center","background-size":"auto","background-attachment":"scroll","background-type":"","background-media":"","overlay-type":"","overlay-color":"","overlay-opacity":"","overlay-gradient":""},"mobile":{"background-color":"var(--ast-global-color-5)","background-image":"","background-repeat":"repeat","background-position":"center center","background-size":"auto","background-attachment":"scroll","background-type":"","background-media":"","overlay-type":"","overlay-color":"","overlay-opacity":"","overlay-gradient":""}},"footnotes":""},"class_list":["post-9720","page","type-page","status-publish","hentry"],"_links":{"self":[{"href":"https:\/\/www.eleabeach.com\/de\/wp-json\/wp\/v2\/pages\/9720","targetHints":{"allow":["GET"]}}],"collection":[{"href":"https:\/\/www.eleabeach.com\/de\/wp-json\/wp\/v2\/pages"}],"about":[{"href":"https:\/\/www.eleabeach.com\/de\/wp-json\/wp\/v2\/types\/page"}],"author":[{"embeddable":true,"href":"https:\/\/www.eleabeach.com\/de\/wp-json\/wp\/v2\/users\/1"}],"replies":[{"embeddable":true,"href":"https:\/\/www.eleabeach.com\/de\/wp-json\/wp\/v2\/comments?post=9720"}],"version-history":[{"count":1,"href":"https:\/\/www.eleabeach.com\/de\/wp-json\/wp\/v2\/pages\/9720\/revisions"}],"predecessor-version":[{"id":11498,"href":"https:\/\/www.eleabeach.com\/de\/wp-json\/wp\/v2\/pages\/9720\/revisions\/11498"}],"wp:attachment":[{"href":"https:\/\/www.eleabeach.com\/de\/wp-json\/wp\/v2\/media?parent=9720"}],"curies":[{"name":"wp","href":"https:\/\/api.w.org\/{rel}","templated":true}]}}