{"id":9719,"date":"2024-03-27T08:01:06","date_gmt":"2024-03-27T08:01:06","guid":{"rendered":"https:\/\/eleabeach.com\/wellness\/"},"modified":"2026-02-18T10:26:18","modified_gmt":"2026-02-18T10:26:18","slug":"bien-etre","status":"publish","type":"page","link":"https:\/\/www.eleabeach.com\/fr\/bien-etre\/","title":{"rendered":"BIEN-\u00caTRE"},"content":{"rendered":"\t\t<div data-elementor-type=\"wp-page\" data-elementor-id=\"9719\" class=\"elementor elementor-9719 elementor-5507\" data-elementor-post-type=\"page\">\n\t\t\t\t<div class=\"elementor-element elementor-element-35033da e-con-full e-flex e-con e-parent\" data-id=\"35033da\" data-element_type=\"container\" data-e-type=\"container\" data-settings=\"{&quot;background_background&quot;:&quot;classic&quot;}\">\n\t\t<div class=\"elementor-element elementor-element-31589d4 e-flex e-con-boxed e-con e-child\" data-id=\"31589d4\" data-element_type=\"container\" data-e-type=\"container\">\n\t\t\t\t\t<div class=\"e-con-inner\">\n\t\t\t\t<div class=\"elementor-element elementor-element-874c9b0 elementor-widget elementor-widget-heading\" data-id=\"874c9b0\" data-element_type=\"widget\" data-e-type=\"widget\" data-widget_type=\"heading.default\">\n\t\t\t\t<div class=\"elementor-widget-container\">\n\t\t\t\t\t<h1 class=\"elementor-heading-title elementor-size-default\">BIEN-\u00caTRE<\/h1>\t\t\t\t<\/div>\n\t\t\t\t<\/div>\n\t\t\t\t\t<\/div>\n\t\t\t\t<\/div>\n\t\t<div class=\"elementor-element elementor-element-26384d2 e-flex e-con-boxed e-con e-child\" data-id=\"26384d2\" data-element_type=\"container\" data-e-type=\"container\">\n\t\t\t\t\t<div class=\"e-con-inner\">\n\t\t\t\t<div class=\"elementor-element elementor-element-48ec03d elementor-view-default elementor-widget elementor-widget-icon\" data-id=\"48ec03d\" data-element_type=\"widget\" data-e-type=\"widget\" id=\"seewellness\" data-widget_type=\"icon.default\">\n\t\t\t\t<div class=\"elementor-widget-container\">\n\t\t\t\t\t\t\t<div class=\"elementor-icon-wrapper\">\n\t\t\t<a class=\"elementor-icon\" href=\"#seewellness\">\n\t\t\t<i aria-hidden=\"true\" class=\"fas fa-chevron-down\"><\/i>\t\t\t<\/a>\n\t\t<\/div>\n\t\t\t\t\t\t<\/div>\n\t\t\t\t<\/div>\n\t\t\t\t\t<\/div>\n\t\t\t\t<\/div>\n\t\t\t\t<\/div>\n\t\t<div class=\"elementor-element elementor-element-5252cfe e-flex e-con-boxed e-con e-parent\" data-id=\"5252cfe\" data-element_type=\"container\" data-e-type=\"container\">\n\t\t\t\t\t<div class=\"e-con-inner\">\n\t\t\t\t<div class=\"elementor-element elementor-element-f06feea elementor-widget elementor-widget-text-editor\" data-id=\"f06feea\" data-element_type=\"widget\" data-e-type=\"widget\" data-widget_type=\"text-editor.default\">\n\t\t\t\t<div class=\"elementor-widget-container\">\n\t\t\t\t\t\t\t\t\t<p>Laissez-vous tenter par un monde de bien-\u00eatre \u00e0 l&rsquo;H\u00f4tel Elea Beach, o\u00f9 le rajeunissement et la relaxation vous attendent \u00e0 toute heure. Nos programmes de bien-\u00eatre sont con\u00e7us pour nourrir l&rsquo;esprit, le corps et l&rsquo;\u00e2me, offrant \u00e0 nos clients une exp\u00e9rience holistique de tranquillit\u00e9 et de vitalit\u00e9, tandis que notre salle de sport enti\u00e8rement \u00e9quip\u00e9e offre les installations n\u00e9cessaires pour vous aider \u00e0 rester actif et \u00e0 maintenir votre programme de remise en forme quotidien pendant votre s\u00e9jour.<\/p>\t\t\t\t\t\t\t\t<\/div>\n\t\t\t\t<\/div>\n\t\t\t\t\t<\/div>\n\t\t\t\t<\/div>\n\t\t<div class=\"elementor-element elementor-element-b384863 e-con-full e-flex e-con e-parent\" data-id=\"b384863\" data-element_type=\"container\" data-e-type=\"container\">\n\t\t<div class=\"elementor-element elementor-element-2423746 e-con-full animated-slow e-flex e-con e-child\" data-id=\"2423746\" data-element_type=\"container\" data-e-type=\"container\" data-settings=\"{&quot;animation&quot;:&quot;none&quot;,&quot;animation_mobile&quot;:&quot;none&quot;,&quot;sticky_on&quot;:[&quot;desktop&quot;,&quot;tablet&quot;],&quot;sticky_parent&quot;:&quot;yes&quot;,&quot;sticky&quot;:&quot;top&quot;,&quot;sticky_offset&quot;:150,&quot;sticky_effects_offset&quot;:0,&quot;sticky_anchor_link_offset&quot;:0}\">\n\t\t\t\t<div class=\"elementor-element elementor-element-9405d32 elementor-widget elementor-widget-heading\" data-id=\"9405d32\" data-element_type=\"widget\" data-e-type=\"widget\" data-widget_type=\"heading.default\">\n\t\t\t\t<div class=\"elementor-widget-container\">\n\t\t\t\t\t<h2 class=\"elementor-heading-title elementor-size-default\">Services de spa<\/h2>\t\t\t\t<\/div>\n\t\t\t\t<\/div>\n\t\t\t\t<div class=\"elementor-element elementor-element-b0af160 elementor-widget elementor-widget-text-editor\" data-id=\"b0af160\" data-element_type=\"widget\" data-e-type=\"widget\" data-widget_type=\"text-editor.default\">\n\t\t\t\t<div class=\"elementor-widget-container\">\n\t\t\t\t\t\t\t\t\t<p>Vivez une exp\u00e9rience de s\u00e9r\u00e9nit\u00e9 ultime dans le spa de l`H\u00f4tel Elea Beach.<\/p><p>Nos th\u00e9rapeutes qualifi\u00e9s proposent une gamme de traitements, comprenant des massages relaxants et des soins personnels rajeunissants, et n&rsquo;utilisent que les meilleurs ingr\u00e9dients naturels pour am\u00e9liorer votre bien-\u00eatre.<\/p><p>Relaxez-vous et laissez-vous emporter par un moment de bonheur absolu qui vous permettra d&rsquo;\u00e9chapper \u00e0 la pression de la vie quotidienne et d&rsquo;entreprendre un voyage de soins et de rajeunissement.<\/p>\t\t\t\t\t\t\t\t<\/div>\n\t\t\t\t<\/div>\n\t\t\t\t<\/div>\n\t\t<div class=\"elementor-element elementor-element-3584d5b e-con-full animated-slow e-flex elementor-invisible e-con e-child\" data-id=\"3584d5b\" data-element_type=\"container\" data-e-type=\"container\" data-settings=\"{&quot;animation&quot;:&quot;slideInLeft&quot;}\">\n\t\t\t\t<div class=\"elementor-element elementor-element-2467f14 elementor-widget-mobile__width-initial elementor-widget elementor-widget-image\" data-id=\"2467f14\" data-element_type=\"widget\" data-e-type=\"widget\" data-widget_type=\"image.default\">\n\t\t\t\t<div class=\"elementor-widget-container\">\n\t\t\t\t\t\t\t\t\t\t\t\t\t\t\t\t<a href=\"https:\/\/eleabeach.com\/wp-content\/uploads\/spa-massage-room.jpg\" data-elementor-open-lightbox=\"yes\" data-elementor-lightbox-title=\"spa-massage-room\" data-elementor-lightbox-description=\"spa massage room\" data-e-action-hash=\"#elementor-action%3Aaction%3Dlightbox%26settings%3DeyJpZCI6MTA5MzEsInVybCI6Imh0dHBzOlwvXC93d3cuZWxlYWJlYWNoLmNvbVwvd3AtY29udGVudFwvdXBsb2Fkc1wvc3BhLW1hc3NhZ2Utcm9vbS5qcGcifQ%3D%3D\" target=\"_blank\" rel=\"noopener\">\n\t\t\t\t\t\t\t<img fetchpriority=\"high\" decoding=\"async\" width=\"960\" height=\"945\" src=\"https:\/\/www.eleabeach.com\/wp-content\/uploads\/spa-massage-room.jpg\" class=\"attachment-full size-full wp-image-10931\" alt=\"spa massage room\" srcset=\"https:\/\/www.eleabeach.com\/wp-content\/uploads\/spa-massage-room.jpg 960w, https:\/\/www.eleabeach.com\/wp-content\/uploads\/spa-massage-room-300x295.jpg 300w, https:\/\/www.eleabeach.com\/wp-content\/uploads\/spa-massage-room-768x756.jpg 768w\" sizes=\"(max-width: 960px) 100vw, 960px\" \/>\t\t\t\t\t\t\t\t<\/a>\n\t\t\t\t\t\t\t\t\t\t\t\t\t\t\t<\/div>\n\t\t\t\t<\/div>\n\t\t\t\t<div class=\"elementor-element elementor-element-3051712 elementor-widget-mobile__width-initial elementor-widget elementor-widget-image\" data-id=\"3051712\" data-element_type=\"widget\" data-e-type=\"widget\" data-widget_type=\"image.default\">\n\t\t\t\t<div class=\"elementor-widget-container\">\n\t\t\t\t\t\t\t\t\t\t\t\t\t\t\t\t<a href=\"https:\/\/eleabeach.com\/wp-content\/uploads\/spa-massage-room-inside.jpg\" data-elementor-open-lightbox=\"yes\" data-elementor-lightbox-title=\"spa-massage-room-inside\" data-elementor-lightbox-description=\"spa massage room inside\" data-e-action-hash=\"#elementor-action%3Aaction%3Dlightbox%26settings%3DeyJpZCI6MTA5MzUsInVybCI6Imh0dHBzOlwvXC93d3cuZWxlYWJlYWNoLmNvbVwvd3AtY29udGVudFwvdXBsb2Fkc1wvc3BhLW1hc3NhZ2Utcm9vbS1pbnNpZGUuanBnIn0%3D\" target=\"_blank\" rel=\"noopener\">\n\t\t\t\t\t\t\t<img decoding=\"async\" width=\"960\" height=\"945\" src=\"https:\/\/www.eleabeach.com\/wp-content\/uploads\/spa-massage-room-inside.jpg\" class=\"attachment-full size-full wp-image-10935\" alt=\"spa massage room inside\" srcset=\"https:\/\/www.eleabeach.com\/wp-content\/uploads\/spa-massage-room-inside.jpg 960w, https:\/\/www.eleabeach.com\/wp-content\/uploads\/spa-massage-room-inside-300x295.jpg 300w, https:\/\/www.eleabeach.com\/wp-content\/uploads\/spa-massage-room-inside-768x756.jpg 768w\" sizes=\"(max-width: 960px) 100vw, 960px\" \/>\t\t\t\t\t\t\t\t<\/a>\n\t\t\t\t\t\t\t\t\t\t\t\t\t\t\t<\/div>\n\t\t\t\t<\/div>\n\t\t\t\t<\/div>\n\t\t\t\t<\/div>\n\t\t<div class=\"elementor-element elementor-element-488bc94 e-con-full e-flex e-con e-parent\" data-id=\"488bc94\" data-element_type=\"container\" data-e-type=\"container\">\n\t\t<div class=\"elementor-element elementor-element-d66dc28 e-con-full animated-slow e-flex elementor-invisible e-con e-child\" data-id=\"d66dc28\" data-element_type=\"container\" data-e-type=\"container\" data-settings=\"{&quot;animation&quot;:&quot;slideInRight&quot;}\">\n\t\t\t\t<div class=\"elementor-element elementor-element-806de76 elementor-widget-mobile__width-initial elementor-widget elementor-widget-image\" data-id=\"806de76\" data-element_type=\"widget\" data-e-type=\"widget\" data-widget_type=\"image.default\">\n\t\t\t\t<div class=\"elementor-widget-container\">\n\t\t\t\t\t\t\t\t\t\t\t\t\t\t\t\t<a href=\"https:\/\/eleabeach.com\/wp-content\/uploads\/gym-photos.jpg\" data-elementor-open-lightbox=\"yes\" data-elementor-lightbox-title=\"gym photos\" data-elementor-lightbox-description=\"gym photos\" data-e-action-hash=\"#elementor-action%3Aaction%3Dlightbox%26settings%3DeyJpZCI6MTEwNjksInVybCI6Imh0dHBzOlwvXC93d3cuZWxlYWJlYWNoLmNvbVwvd3AtY29udGVudFwvdXBsb2Fkc1wvZ3ltLXBob3Rvcy5qcGcifQ%3D%3D\" target=\"_blank\" rel=\"noopener\">\n\t\t\t\t\t\t\t<img decoding=\"async\" width=\"960\" height=\"946\" src=\"https:\/\/www.eleabeach.com\/wp-content\/uploads\/gym-photos.jpg\" class=\"attachment-full size-full wp-image-11069\" alt=\"gym photos\" srcset=\"https:\/\/www.eleabeach.com\/wp-content\/uploads\/gym-photos.jpg 960w, https:\/\/www.eleabeach.com\/wp-content\/uploads\/gym-photos-300x296.jpg 300w, https:\/\/www.eleabeach.com\/wp-content\/uploads\/gym-photos-768x757.jpg 768w\" sizes=\"(max-width: 960px) 100vw, 960px\" \/>\t\t\t\t\t\t\t\t<\/a>\n\t\t\t\t\t\t\t\t\t\t\t\t\t\t\t<\/div>\n\t\t\t\t<\/div>\n\t\t\t\t<div class=\"elementor-element elementor-element-a90a477 elementor-widget-mobile__width-initial elementor-widget elementor-widget-image\" data-id=\"a90a477\" data-element_type=\"widget\" data-e-type=\"widget\" data-widget_type=\"image.default\">\n\t\t\t\t<div class=\"elementor-widget-container\">\n\t\t\t\t\t\t\t\t\t\t\t\t\t\t\t\t<a href=\"https:\/\/eleabeach.com\/wp-content\/uploads\/gym-photos1.jpg\" data-elementor-open-lightbox=\"yes\" data-elementor-lightbox-title=\"gym photos1\" data-elementor-lightbox-description=\"gym photos1\" data-e-action-hash=\"#elementor-action%3Aaction%3Dlightbox%26settings%3DeyJpZCI6MTEwNzMsInVybCI6Imh0dHBzOlwvXC93d3cuZWxlYWJlYWNoLmNvbVwvd3AtY29udGVudFwvdXBsb2Fkc1wvZ3ltLXBob3RvczEuanBnIn0%3D\" target=\"_blank\" rel=\"noopener\">\n\t\t\t\t\t\t\t<img loading=\"lazy\" decoding=\"async\" width=\"960\" height=\"946\" src=\"https:\/\/www.eleabeach.com\/wp-content\/uploads\/gym-photos1.jpg\" class=\"attachment-full size-full wp-image-11073\" alt=\"gym photos1\" srcset=\"https:\/\/www.eleabeach.com\/wp-content\/uploads\/gym-photos1.jpg 960w, https:\/\/www.eleabeach.com\/wp-content\/uploads\/gym-photos1-300x296.jpg 300w, https:\/\/www.eleabeach.com\/wp-content\/uploads\/gym-photos1-768x757.jpg 768w\" sizes=\"(max-width: 960px) 100vw, 960px\" \/>\t\t\t\t\t\t\t\t<\/a>\n\t\t\t\t\t\t\t\t\t\t\t\t\t\t\t<\/div>\n\t\t\t\t<\/div>\n\t\t\t\t<div class=\"elementor-element elementor-element-1384821 elementor-widget-mobile__width-initial elementor-widget elementor-widget-image\" data-id=\"1384821\" data-element_type=\"widget\" data-e-type=\"widget\" data-widget_type=\"image.default\">\n\t\t\t\t<div class=\"elementor-widget-container\">\n\t\t\t\t\t\t\t\t\t\t\t\t\t\t\t\t<a href=\"https:\/\/eleabeach.com\/wp-content\/uploads\/gym-photos2.jpg\" data-elementor-open-lightbox=\"yes\" data-elementor-lightbox-title=\"gym photos2\" data-elementor-lightbox-description=\"gym photos2\" data-e-action-hash=\"#elementor-action%3Aaction%3Dlightbox%26settings%3DeyJpZCI6MTEwNzcsInVybCI6Imh0dHBzOlwvXC93d3cuZWxlYWJlYWNoLmNvbVwvd3AtY29udGVudFwvdXBsb2Fkc1wvZ3ltLXBob3RvczIuanBnIn0%3D\" target=\"_blank\" rel=\"noopener\">\n\t\t\t\t\t\t\t<img loading=\"lazy\" decoding=\"async\" width=\"960\" height=\"945\" src=\"https:\/\/www.eleabeach.com\/wp-content\/uploads\/gym-photos2.jpg\" class=\"attachment-full size-full wp-image-11077\" alt=\"gym photos2\" srcset=\"https:\/\/www.eleabeach.com\/wp-content\/uploads\/gym-photos2.jpg 960w, https:\/\/www.eleabeach.com\/wp-content\/uploads\/gym-photos2-300x295.jpg 300w, https:\/\/www.eleabeach.com\/wp-content\/uploads\/gym-photos2-768x756.jpg 768w\" sizes=\"(max-width: 960px) 100vw, 960px\" \/>\t\t\t\t\t\t\t\t<\/a>\n\t\t\t\t\t\t\t\t\t\t\t\t\t\t\t<\/div>\n\t\t\t\t<\/div>\n\t\t\t\t<\/div>\n\t\t<div class=\"elementor-element elementor-element-d5d6b18 e-con-full animated-slow e-flex e-con e-child\" data-id=\"d5d6b18\" data-element_type=\"container\" data-e-type=\"container\" data-settings=\"{&quot;animation&quot;:&quot;none&quot;,&quot;animation_mobile&quot;:&quot;none&quot;,&quot;sticky&quot;:&quot;top&quot;,&quot;sticky_on&quot;:[&quot;desktop&quot;,&quot;tablet&quot;],&quot;sticky_offset&quot;:150,&quot;sticky_parent&quot;:&quot;yes&quot;,&quot;sticky_effects_offset&quot;:0,&quot;sticky_anchor_link_offset&quot;:0}\">\n\t\t\t\t<div class=\"elementor-element elementor-element-4edee08 elementor-widget elementor-widget-heading\" data-id=\"4edee08\" data-element_type=\"widget\" data-e-type=\"widget\" data-widget_type=\"heading.default\">\n\t\t\t\t<div class=\"elementor-widget-container\">\n\t\t\t\t\t<h2 class=\"elementor-heading-title elementor-size-default\">Salle de sports<\/h2>\t\t\t\t<\/div>\n\t\t\t\t<\/div>\n\t\t\t\t<div class=\"elementor-element elementor-element-42b62fb elementor-widget elementor-widget-text-editor\" data-id=\"42b62fb\" data-element_type=\"widget\" data-e-type=\"widget\" data-widget_type=\"text-editor.default\">\n\t\t\t\t<div class=\"elementor-widget-container\">\n\t\t\t\t\t\t\t\t\t<p>Dot\u00e9e de tous les \u00e9quipements n\u00e9cessaires, y compris des espaces de rangement et deux vestiaires, notre salle de sport est l&rsquo;endroit id\u00e9al pour votre entra\u00eenement matinal.<\/p><p>En plus, nous avons le plaisir d&rsquo;annoncer que la salle de sport sera enti\u00e8rement r\u00e9nov\u00e9e pour la saison 2024, afin que nos clients puissent profiter d&rsquo;une exp\u00e9rience encore plus agr\u00e9able.<\/p><p>Pr\u00e9parez-vous \u00e0 am\u00e9liorer votre forme physique et \u00e0 adopter un mode de vie plus sain pendant vos vacances.<\/p>\t\t\t\t\t\t\t\t<\/div>\n\t\t\t\t<\/div>\n\t\t\t\t<\/div>\n\t\t\t\t<\/div>\n\t\t\t\t<\/div>\n\t\t","protected":false},"excerpt":{"rendered":"<p>Laissez-vous tenter par un monde de bien-\u00eatre \u00e0 l&rsquo;H\u00f4tel Elea Beach, o\u00f9 le rajeunissement et la relaxation vous attendent \u00e0 [&hellip;]<\/p>\n","protected":false},"author":1,"featured_media":0,"parent":0,"menu_order":0,"comment_status":"closed","ping_status":"closed","template":"","meta":{"site-sidebar-layout":"no-sidebar","site-content-layout":"","ast-site-content-layout":"full-width-container","site-content-style":"default","site-sidebar-style":"default","ast-global-header-display":"","ast-banner-title-visibility":"","ast-main-header-display":"","ast-hfb-above-header-display":"","ast-hfb-below-header-display":"","ast-hfb-mobile-header-display":"","site-post-title":"disabled","ast-breadcrumbs-content":"","ast-featured-img":"disabled","footer-sml-layout":"","ast-disable-related-posts":"","theme-transparent-header-meta":"","adv-header-id-meta":"","stick-header-meta":"","header-above-stick-meta":"","header-main-stick-meta":"","header-below-stick-meta":"","astra-migrate-meta-layouts":"default","ast-page-background-enabled":"default","ast-page-background-meta":{"desktop":{"background-color":"var(--ast-global-color-4)","background-image":"","background-repeat":"repeat","background-position":"center center","background-size":"auto","background-attachment":"scroll","background-type":"","background-media":"","overlay-type":"","overlay-color":"","overlay-opacity":"","overlay-gradient":""},"tablet":{"background-color":"","background-image":"","background-repeat":"repeat","background-position":"center center","background-size":"auto","background-attachment":"scroll","background-type":"","background-media":"","overlay-type":"","overlay-color":"","overlay-opacity":"","overlay-gradient":""},"mobile":{"background-color":"","background-image":"","background-repeat":"repeat","background-position":"center center","background-size":"auto","background-attachment":"scroll","background-type":"","background-media":"","overlay-type":"","overlay-color":"","overlay-opacity":"","overlay-gradient":""}},"ast-content-background-meta":{"desktop":{"background-color":"var(--ast-global-color-5)","background-image":"","background-repeat":"repeat","background-position":"center center","background-size":"auto","background-attachment":"scroll","background-type":"","background-media":"","overlay-type":"","overlay-color":"","overlay-opacity":"","overlay-gradient":""},"tablet":{"background-color":"var(--ast-global-color-5)","background-image":"","background-repeat":"repeat","background-position":"center center","background-size":"auto","background-attachment":"scroll","background-type":"","background-media":"","overlay-type":"","overlay-color":"","overlay-opacity":"","overlay-gradient":""},"mobile":{"background-color":"var(--ast-global-color-5)","background-image":"","background-repeat":"repeat","background-position":"center center","background-size":"auto","background-attachment":"scroll","background-type":"","background-media":"","overlay-type":"","overlay-color":"","overlay-opacity":"","overlay-gradient":""}},"footnotes":""},"class_list":["post-9719","page","type-page","status-publish","hentry"],"_links":{"self":[{"href":"https:\/\/www.eleabeach.com\/fr\/wp-json\/wp\/v2\/pages\/9719","targetHints":{"allow":["GET"]}}],"collection":[{"href":"https:\/\/www.eleabeach.com\/fr\/wp-json\/wp\/v2\/pages"}],"about":[{"href":"https:\/\/www.eleabeach.com\/fr\/wp-json\/wp\/v2\/types\/page"}],"author":[{"embeddable":true,"href":"https:\/\/www.eleabeach.com\/fr\/wp-json\/wp\/v2\/users\/1"}],"replies":[{"embeddable":true,"href":"https:\/\/www.eleabeach.com\/fr\/wp-json\/wp\/v2\/comments?post=9719"}],"version-history":[{"count":1,"href":"https:\/\/www.eleabeach.com\/fr\/wp-json\/wp\/v2\/pages\/9719\/revisions"}],"predecessor-version":[{"id":11495,"href":"https:\/\/www.eleabeach.com\/fr\/wp-json\/wp\/v2\/pages\/9719\/revisions\/11495"}],"wp:attachment":[{"href":"https:\/\/www.eleabeach.com\/fr\/wp-json\/wp\/v2\/media?parent=9719"}],"curies":[{"name":"wp","href":"https:\/\/api.w.org\/{rel}","templated":true}]}}